{"id":181,"date":"2016-09-28T05:54:50","date_gmt":"2016-09-28T05:54:50","guid":{"rendered":"http:\/\/consejoregionalwixarika.org\/?page_id=181"},"modified":"2016-09-28T05:54:50","modified_gmt":"2016-09-28T05:54:50","slug":"historia","status":"publish","type":"page","link":"http:\/\/consejoregionalwixarika.org\/?page_id=181","title":{"rendered":"Historia"},"content":{"rendered":"<p>Sus lugares sagrados se distribuyen en el centro del pa\u00eds, los principales se \u00a0ubican en los 5 puntos cardinales: Al sur se encuentra Xapa Wiyeme lugar a donde lleg\u00f3 Watakame el primer hombre de la Tierra en la Isla de los Alacranes, Ch\u00e1pala, Jalisco. Al poniente Haramara donde est\u00e1 la diosa del mar en la Isla del Rey, San Blas, Nayarit. Al norte Hauxa Manaka, donde descansa la canoa del primer hombre que apareci\u00f3 en este mundo en Cerro Gordo, Durango. En el centro Tekata donde nace el abuelo fuego en Santa Catarina Cuexcomatitl\u00e1n, Mezquitic, Jalisco, y al oriente Wirikuta en Real de Catorce, San Luis Potos\u00ed.<\/p>\n<p>Wirikuta es el lugar d\u00f3nde naci\u00f3 el sol y d\u00f3nde yace la m\u00e1xima deidad de los Wixaritari, Tamatsi Kauyumarie (nuestro hermano mayor Venado Azul), lo consideran el lugar m\u00e1s sagrado, d\u00f3nde los sabios de la etnia adquieren la sabidur\u00eda a trav\u00e9s del di\u00e1logo constante con sus deidades.<\/p>\n<p>Wirikuta y el pueblo Wix\u00e1rika es parte del legado cultural de nuestro pa\u00eds y de la humanidad, raz\u00f3n por la que resulta importante contribuir a su sobrevivencia. Wirikuta est\u00e1 ubicado en el desierto de San Luis Potos\u00ed y abarca los municipios de Real de Catorce, Charcas, Vanegas, Villa de la Paz, y Villa de Ramos.<\/p>\n<p>En noviembre de 2009, el estado mexicano otorg\u00f3 38 concesiones para la explotaci\u00f3n minera de Wirikuta que adquiri\u00f3 la empresa canadiense First Majestic Silver Corp., por 3 millones de d\u00f3lares y abarcan m\u00e1s de 6 mil 327 hect\u00e1reas. 22 de ellas est\u00e1n dentro de el \u00c1rea Natural Protegida que abarca 140,211.85 hect\u00e1reas. Anteriormente la empresa minera Resouses Corporation denominado \u201c proyecto Universo\u201d adquiri\u00f3 40 concesiones mineras, con los que suman 78 concesiones mineras que abarcan el 70% del ANP.<\/p>\n<p>Desde ese momento el pueblo Wixarika se moviliz\u00f3, mediante la Uni\u00f3n de Centros Ceremoniales de Jalisco, Durango y Nayarit, A.C., y exigi\u00f3 el respeto y la protecci\u00f3n de los lugares sagrados.<\/p>\n<p>Con la finalidad de contrarrestar las amenazas por parte de las empresas mineras en Wirikuta, se conform\u00f3 el Consejo Regional Wix\u00e1rika por la Defensa de Wirikuta en abril de 2010, en Tiway+la-Colonia Rivera Aceves, en la comunidad de \u00a0Waut+a- San Sebasti\u00e1n Teponahuaxtl\u00e1n, Jalisco.<\/p>\n<p>Posteriormente el pueblo Wix\u00e1rika lanz\u00f3 una convocatoria a la sociedad civil para reunirse por primera vez el 18 de septiembre de 2010 en el municipio de Real de Catorce, San Luis Potos\u00ed, con la finalidad de crear estrategias de defensa ante la amenaza de la explotaci\u00f3n de Wirikuta.<\/p>\n<p>En este encuentro se conformo el Frente en Defensa de Wirikuta Tamatsima Wahaa, colectivo conformado por personas, actores y organizaciones de la sociedad civil externos, quienes actuaron en conjunto con el Consejo Regional Wix\u00e1rika por la Defensa de Wirikuta.<\/p>\n<p>Se visibiliz\u00f3 la lucha del pueblo Wix\u00e1rika a trav\u00e9s de una serie de campa\u00f1as de informaci\u00f3n utilizando el lema distintivo de la causa \u201cWirikuta no se vende se ama y se defiende\u201d. Se hicieron manifestaciones en M\u00e9xico y en el extranjero.<\/p>\n<p>Se visit\u00f3 con este mismo fin a la empresa First Majestic Silver Corp en Vancouver, Canad\u00e1 en mayo del 2010. Al mismo tiempo en Jalisco, Nayarit y la Ciudad de M\u00e9xico, Wix\u00e1ritari y sociedad civil se manifestaron.<\/p>\n<p>En enero del 2011 se exigi\u00f3 al Presidente Felipe Calder\u00f3n la cancelaci\u00f3n de las concesiones mineras y el respeto al Pacto Hauxa Manaka firmados en su presencia en 2008 por los gobernadores de Jalisco, Nayarit, Durango y Zacatecas, donde se comprometi\u00f3 a respetar y proteger los lugares sagrados \u00a0del pueblo Wix\u00e1rika.<\/p>\n<p>Para visibilizar la lucha se organiz\u00f3 un magno evento al que se llamo \u00a0\u201cWirikuta Fest\u201d que se \u00a0realiz\u00f3 en CDMX, donde se recaudaron m\u00e1s de 8 millones de pesos, para el desarrollo de proyectos productivos en la regi\u00f3n de Wirikuta lo cu\u00e1l permitiria a los ejidatarios tener una fuente de ingresos viable.<\/p>\n<p>Sin embargo, las organizaciones que gestionaron los proyectos no alcanzaron sus objetivos y no fueron transparentes en su rendici\u00f3n de cuentas, motivo fundamental por lo que el Consejo Regional Wix\u00e1rika por la Defensa de Wirikuta decidi\u00f3 dar fin a su relaci\u00f3n con el Frente en Defensa de Wirikuta Tamatsima Wahaa y ejerci\u00f3 su autonom\u00eda a partir de abril del 2015.<\/p>\n","protected":false},"excerpt":{"rendered":"<p>Sus lugares sagrados se distribuyen en el centro del pa\u00eds, los principales se \u00a0ubican en los 5 puntos cardinales: Al sur se encuentra Xapa Wiyeme lugar a donde lleg\u00f3 Watakame el primer hombre de la Tierra en la Isla de<span class=\"ellipsis\">&hellip;<\/span><\/p>\n<div class=\"read-more\"><a href=\"http:\/\/consejoregionalwixarika.org\/?page_id=181\">Leer m&aacute;s &#8250;<\/a><\/div>\n<p><!-- end of .read-more --><\/p>\n","protected":false},"author":1,"featured_media":136,"parent":0,"menu_order":0,"comment_status":"closed","ping_status":"closed","template":"","meta":{"footnotes":""},"class_list":["post-181","page","type-page","status-publish","has-post-thumbnail","hentry"],"_links":{"self":[{"href":"http:\/\/consejoregionalwixarika.org\/index.php?rest_route=\/wp\/v2\/pages\/181"}],"collection":[{"href":"http:\/\/consejoregionalwixarika.org\/index.php?rest_route=\/wp\/v2\/pages"}],"about":[{"href":"http:\/\/consejoregionalwixarika.org\/index.php?rest_route=\/wp\/v2\/types\/page"}],"author":[{"embeddable":true,"href":"http:\/\/consejoregionalwixarika.org\/index.php?rest_route=\/wp\/v2\/users\/1"}],"replies":[{"embeddable":true,"href":"http:\/\/consejoregionalwixarika.org\/index.php?rest_route=%2Fwp%2Fv2%2Fcomments&post=181"}],"version-history":[{"count":1,"href":"http:\/\/consejoregionalwixarika.org\/index.php?rest_route=\/wp\/v2\/pages\/181\/revisions"}],"predecessor-version":[{"id":182,"href":"http:\/\/consejoregionalwixarika.org\/index.php?rest_route=\/wp\/v2\/pages\/181\/revisions\/182"}],"wp:featuredmedia":[{"embeddable":true,"href":"http:\/\/consejoregionalwixarika.org\/index.php?rest_route=\/wp\/v2\/media\/136"}],"wp:attachment":[{"href":"http:\/\/consejoregionalwixarika.org\/index.php?rest_route=%2Fwp%2Fv2%2Fmedia&parent=181"}],"curies":[{"name":"wp","href":"https:\/\/api.w.org\/{rel}","templated":true}]}}