{"id":33,"date":"2016-08-17T22:11:10","date_gmt":"2016-08-17T22:11:10","guid":{"rendered":"http:\/\/cwix.kiutz.com\/?page_id=33"},"modified":"2016-08-17T22:11:10","modified_gmt":"2016-08-17T22:11:10","slug":"quienes-somos","status":"publish","type":"page","link":"http:\/\/consejoregionalwixarika.org\/?page_id=33","title":{"rendered":"\u00bfQui\u00e9nes somos?"},"content":{"rendered":"<p><img loading=\"lazy\" decoding=\"async\" class=\"wp-image-26 aligncenter\" src=\"http:\/\/cwix.kiutz.com\/wp-content\/uploads\/2016\/08\/cropped-banner-consejo1_4-3-300x128.png\" alt=\"cropped-banner-consejo1_4-3.png\" width=\"380\" height=\"162\" \/><\/p>\n<p><strong>Consejo Regional Wixarika en Defensa de Wirikuta<\/strong><\/p>\n<p><strong>\u00bfQui\u00e9nes somos?<\/strong><\/p>\n<p>Somos una organizaci\u00f3n conformada por las autoridades tradicionales, agrarias, civiles y miembros de las comunidades del Pueblo Wix\u00e1rika ubicados en la sierra madre occidental entre los Estados de Jalisco, Nayarit, Durango y Zacatecas. El Consejo fue creado como resultado para hacer frente a los embates y las violaciones de los derechos humanos y fundamentales del Pueblo Wix\u00e1rika, principalmente para contrarrestar las amenazas por parte de las Empresas Mineras en nuestros lugares sagrados en concreto de Wirikuta ubicado en el municipio de Catorce, Estado de San Luis Potos\u00ed, M\u00e9xico. De igual forma el Consejo nace en el poblado Wix\u00e1rika de Tiway+la-Colonia Rivera Aceves perteneciente a la comunidad de San Sebasti\u00e1n Teponahuaxtl\u00e1n \u2013 Waut+a municipio de Mezquitic, Estado de Jalisco el mes de abril del 2010.<\/p>\n<p><strong>Objetivo General:<\/strong><\/p>\n<p>La organizaci\u00f3n tiene como objetivo general salvaguardar, proteger y defender los lugares sagrados del pueblo Wixarika, principalmente el de Wirikuta.<\/p>\n<p><strong>Objetivos espec\u00edficos:<\/strong><\/p>\n<ul>\n<li>\u00a0Lograr la protecci\u00f3n y reconocimiento efectivo de los lugares sagrados reconocido por el pueblo Wixarika.<\/li>\n<li>Fortalecer el tejido social cultural entre el pueblo Wixarika y los habitantes de Wirikuta.<\/li>\n<li>Seguir con las pr\u00e1cticas tradicionales para seguir renovando las velas de la vida<\/li>\n<\/ul>\n<p>&nbsp;<\/p>\n<p><strong>Mesas de trabajo del Consejo:<\/strong><\/p>\n<p>El Consejo regional Wixarika para una mejor coordinaci\u00f3n y defensa efectiva creo siete mesas trabajo:<\/p>\n<ol>\n<li>Mesa Jur\u00eddica.<\/li>\n<li>Mesa Ambiental y T\u00e9cnica.<\/li>\n<li>Mesa Comunitaria.<\/li>\n<li>Mesa de Comunicaci\u00f3n.<\/li>\n<li>Mesa Pol\u00edtica.<\/li>\n<li>Mesa de Arte y Cultura.<\/li>\n<li>Mesa de Administraci\u00f3n.<\/li>\n<\/ol>\n<p>&nbsp;<\/p>\n<p><strong>Funcionamiento de cada de las mesas:<\/strong><\/p>\n<ol>\n<li><em>Mesa Jur\u00eddica.<\/em><\/li>\n<\/ol>\n<p>Se encarga de impulsar, defender y hacer valer los derechos transversales del pueblo Wix\u00e1rika a trav\u00e9s de instrumentos jur\u00eddicos nacionales e internacionales, para lograr la efectiva protecci\u00f3n de los lugares sagrados del Pueblo Wix\u00e1rika en concreto de Wirikuta. Y de esta forma el pueblo Wix\u00e1rika sea respetado en sus derechos y decisiones.<\/p>\n<ol>\n<li><em>Mesa Ambiental y T\u00e9cnica.<\/em><\/li>\n<\/ol>\n<p>Se encarga de identificar en primer t\u00e9rmino todos los altares existentes al interior y exterior de Wirikuta para su mayor protecci\u00f3n y conservaci\u00f3n ecol\u00f3gica. A trav\u00e9s de estudios t\u00e9cnicos, cient\u00edficos topogr\u00e1ficos y ambientales.<\/p>\n<ol>\n<li><em>Mesa Comunitaria.<\/em><\/li>\n<\/ol>\n<p>La presente mesa se encarga de fortalecer el desarrollo sustentable entre los habitantes de Wirikuta y el pueblo Wixarika.\u00a0\u00a0 A trav\u00e9s de proyectos alternativos con miras a la preservaci\u00f3n ecol\u00f3gica y el h\u00e1bitat de la regi\u00f3n.<\/p>\n<ol>\n<li><em>Mesa de Comunicaci\u00f3n. <\/em><\/li>\n<\/ol>\n<p>La mesa de comunicaci\u00f3n su labor principal es la difusi\u00f3n para visibilizar la problermatica de los lugares sagrado, con especial \u00e9nfasis de Wirikuta y dar a conocer los avances de los trabajos mediante de nuestra p\u00e1gina y dem\u00e1s medios masivo.<\/p>\n<ol>\n<li><em>Mesa Pol\u00edtica. <\/em><\/li>\n<\/ol>\n<p>Cabildear ante las instancias gubernamentales y no gubernamentales sobre el tema de los lugares sagrados, principalmente en lo que toca a las concesiones mineras de wirikuta. Gesti\u00f3n de audiencias para la atenci\u00f3n a las comunidades Wixaritari que conforman el consejo.<\/p>\n<ol>\n<li><em>Mesa de Arte y Cultura. <\/em><\/li>\n<\/ol>\n<p>Esta enfocado a promover las diferentes actividades y defensa del consejo regional Wixarika a trav\u00e9s de espacios culturales y festivales.<\/p>\n<ol>\n<li><em>Mesa de Administraci\u00f3n.<\/em><\/li>\n<\/ol>\n<p>Procuraci\u00f3n de fondos econ\u00f3micos y el resguardo de bienes materiales, asi como de rendir cuentas de una forma transparente, en primer t\u00e9rmino a las comunidades que conforman el consejo y la sociedad en general.<\/p>\n","protected":false},"excerpt":{"rendered":"<p>Consejo Regional Wixarika en Defensa de Wirikuta \u00bfQui\u00e9nes somos? Somos una organizaci\u00f3n conformada por las autoridades tradicionales, agrarias, civiles y miembros de las comunidades del Pueblo Wix\u00e1rika ubicados en la sierra madre occidental entre los Estados de Jalisco, Nayarit, Durango<span class=\"ellipsis\">&hellip;<\/span><\/p>\n<div class=\"read-more\"><a href=\"http:\/\/consejoregionalwixarika.org\/?page_id=33\">Leer m&aacute;s &#8250;<\/a><\/div>\n<p><!-- end of .read-more --><\/p>\n","protected":false},"author":1,"featured_media":0,"parent":0,"menu_order":0,"comment_status":"closed","ping_status":"closed","template":"full-width-page.php","meta":{"footnotes":""},"class_list":["post-33","page","type-page","status-publish","hentry"],"_links":{"self":[{"href":"http:\/\/consejoregionalwixarika.org\/index.php?rest_route=\/wp\/v2\/pages\/33"}],"collection":[{"href":"http:\/\/consejoregionalwixarika.org\/index.php?rest_route=\/wp\/v2\/pages"}],"about":[{"href":"http:\/\/consejoregionalwixarika.org\/index.php?rest_route=\/wp\/v2\/types\/page"}],"author":[{"embeddable":true,"href":"http:\/\/consejoregionalwixarika.org\/index.php?rest_route=\/wp\/v2\/users\/1"}],"replies":[{"embeddable":true,"href":"http:\/\/consejoregionalwixarika.org\/index.php?rest_route=%2Fwp%2Fv2%2Fcomments&post=33"}],"version-history":[{"count":1,"href":"http:\/\/consejoregionalwixarika.org\/index.php?rest_route=\/wp\/v2\/pages\/33\/revisions"}],"predecessor-version":[{"id":34,"href":"http:\/\/consejoregionalwixarika.org\/index.php?rest_route=\/wp\/v2\/pages\/33\/revisions\/34"}],"wp:attachment":[{"href":"http:\/\/consejoregionalwixarika.org\/index.php?rest_route=%2Fwp%2Fv2%2Fmedia&parent=33"}],"curies":[{"name":"wp","href":"https:\/\/api.w.org\/{rel}","templated":true}]}}